{"id":45,"date":"2024-03-21T11:56:56","date_gmt":"2024-03-21T14:56:56","guid":{"rendered":"https:\/\/wilhelmsecurity.com.br\/site\/?page_id=45"},"modified":"2024-03-21T11:56:56","modified_gmt":"2024-03-21T14:56:56","slug":"coronel-pm-wilhelm","status":"publish","type":"page","link":"https:\/\/wilhelmsecurity.com.br\/site\/coronel-pm-wilhelm\/","title":{"rendered":"CORONEL\u00a0PM\u00a0WILHELM"},"content":{"rendered":"\n<h2 class=\"wp-block-heading has-text-align-center\"><strong>Paulo\u00a0Wilhelm\u00a0de\u00a0Carvalho<\/strong><\/h2>\n\n\n\n<ul class=\"wp-block-list\">\n<li>Especialista\u00a0em\u00a0Seguran\u00e7a\u00a0e\u00a0<em>Security\u00a0Compliance<\/em><\/li>\n\n\n\n<li>Profissional\u00a0com\u00a0grande\u00a0experi\u00eancia\u00a0na\u00a0\u00e1rea\u00a0de\u00a0seguran\u00e7a\u00a0patrimonial,\u00a0executiva\u00a0e\u00a0empresarial,\u00a0e\u00a0em\u00a0eventos\u00a0de\u00a0grande\u00a0porte.<\/li>\n\n\n\n<li>Conhecimento\u00a0de\u00a0Direito\u00a0aplicado\u00a0\u00e0\u00a0\u00e1rea\u00a0de\u00a0seguran\u00e7a.<\/li>\n\n\n\n<li>Experi\u00eancia\u00a0em\u00a0treinamento\u00a0e\u00a0forma\u00e7\u00e3o\u00a0de\u00a0agentes\u00a0de\u00a0seguran\u00e7a,\u00a0gerenciamento\u00a0de\u00a0equipes,\u00a0projetos\u00a0e\u00a0em\u00a0gest\u00e3o\u00a0de\u00a0pessoas.<\/li>\n\n\n\n<li>Especialista\u00a0em\u00a0gerenciamento\u00a0de\u00a0crises\u00a0e\u00a0t\u00e9cnicas\u00a0de\u00a0negocia\u00e7\u00e3o.<\/li>\n\n\n\n<li>Especialista\u00a0em\u00a0opera\u00e7\u00f5es\u00a0de\u00a0seguran\u00e7a\u00a0e\u00a0a\u00e7\u00f5es\u00a0de\u00a0intelig\u00eancia\u00a0corporativa.<\/li>\n\n\n\n<li>Larga\u00a0experi\u00eancia\u00a0em\u00a0institui\u00e7\u00f5es\u00a0de\u00a0grande\u00a0porte,\u00a0facilidade\u00a0de\u00a0relacionamento\u00a0em\u00a0ambientes\u00a0diversificados,\u00a0disponibilidade\u00a0para\u00a0viagens,\u00a0conhecimentos\u00a0e\u00a0pr\u00e1tica\u00a0em\u00a0rela\u00e7\u00f5es\u00a0governamentais.<\/li>\n\n\n\n<li>V\u00e1rias\u00a0condecora\u00e7\u00f5es,\u00a0medalhas\u00a0de\u00a0m\u00e9rito,\u00a0e\u00a0premiado\u00a0por\u00a0projetos\u00a0desenvolvidos\u00a0na\u00a0\u00e1rea\u00a0de\u00a0seguran\u00e7a,\u00a0al\u00e9m\u00a0de\u00a0uma\u00a0carreira\u00a0exemplar.<\/li>\n<\/ul>\n\n\n\n<h2 class=\"wp-block-heading\">Forma\u00e7\u00e3o\u00a0Acad\u00eamica<\/h2>\n\n\n\n<p>MESTRE\u00a0EM\u00a0CI\u00caNCIAS\u00a0POLICIAIS\u00a0DE\u00a0SEGURAN\u00c7A\u00a0E\u00a0ORDEM\u00a0P\u00daBLICA Centro\u00a0de\u00a0Altos\u00a0Estudos\u00a0de\u00a0Seguran\u00e7a\u00a0da\u00a0Pol\u00edcia\u00a0Militar\u00a0do\u00a0Estado\u00a0de\u00a0S\u00e3o\u00a0Paulo.<\/p>\n\n\n\n<p>BACHAREL\u00a0EM\u00a0CI\u00caNCIAS\u00a0JUR\u00cdDICAS Faculdade\u00a0de\u00a0Direito\u00a0de\u00a0S\u00e3o\u00a0Bernardo\u00a0do\u00a0Campo\u00a0\u2013\u00a0SP.<\/p>\n\n\n\n<p>BACHAREL\u00a0EM\u00a0CI\u00caNCIA\u00a0POLICIAS\u00a0DE\u00a0SEGURAN\u00c7A\u00a0E\u00a0DE\u00a0ORDEM\u00a0P\u00daBLICA Academia\u00a0de\u00a0Pol\u00edcia\u00a0Militar\u00a0do\u00a0Barro\u00a0Branco\u00a0do\u00a0Estado\u00a0de\u00a0S\u00e3o\u00a0Paulo.<\/p>\n\n\n\n<h2 class=\"wp-block-heading\">P\u00f3s-gradua\u00e7\u00f5es<\/h2>\n\n\n\n<p>Especializa\u00e7\u00e3o\u00a0em\u00a0Gerenciamento\u00a0de\u00a0Crises\u00a0e\u00a0Ocorr\u00eancias\u00a0com\u00a0Ref\u00e9ns,\u00a0GATE\u00a0do\u00a04\u00b0\u00a0Batalh\u00e3o\u00a0de\u00a0Choque\u00a0da\u00a0PMESP.<\/p>\n\n\n\n<p>Opera\u00e7\u00f5es\u00a0Especiais\u00a0e\u00a0Policiamento\u00a0de\u00a0Alto\u00a0Risco,\u00a0contra\u00a0e\u00a0anti-terrorismo,\u00a0na\u00a0Escola\u00a0de\u00a0Treinamento\u00a0da\u00a0HSS\u00a0International,\u00a0no\u00a0Centro\u00a0de\u00a0Treinamento\u00a0em\u00a0Navalcarnero,\u00a0Madrid,\u00a0Espanha.<\/p>\n\n\n\n<p>Especializa\u00e7\u00e3o\u00a0em\u00a0ocorr\u00eancias\u00a0antibombas,\u00a0contrabombas\u00a0e\u00a0explosivos\u00a0pelo\u00a0GATE\u00a0do\u00a04\u00b0\u00a0Batalh\u00e3o\u00a0de\u00a0Choque\u00a0da\u00a0PMESP.<\/p>\n\n\n\n<p>Especializa\u00e7\u00e3o\u00a0em\u00a0Policiamento\u00a0de\u00a0Eventos,\u00a0Shows\u00a0e\u00a0Pra\u00e7as\u00a0Desportivas,\u00a0no\u00a02\u00ba\u00a0Batalh\u00e3o\u00a0de\u00a0Choque\u00a0da\u00a0Pol\u00edcia\u00a0Militar\u00a0de\u00a0S\u00e3o\u00a0Paulo.<\/p>\n\n\n\n<p>Curso\u00a0de\u00a0T\u00e9cnicas\u00a0de\u00a0Ensino,\u00a0pela\u00a0Academia\u00a0de\u00a0Pol\u00edcia\u00a0Militar\u00a0do\u00a0Barro\u00a0Branco,\u00a0S\u00e3o\u00a0Paulo.<\/p>\n\n\n\n<p>Gest\u00e3o\u00a0e\u00a0implanta\u00e7\u00e3o\u00a0de\u00a0qualidade\u00a0total,\u00a0Pol\u00edcia\u00a0Militar,\u00a0S\u00e3o\u00a0Paulo.<\/p>\n\n\n\n<p>Especializa\u00e7\u00e3o\u00a0em\u00a0T\u00e9cnicas\u00a0de\u00a0Seguran\u00e7a\u00a0de\u00a0Autoridades\u00a0e\u00a0Dignit\u00e1rios,\u00a0pelo\u00a0Curso\u00a0de\u00a0Forma\u00e7\u00e3o\u00a0de\u00a0Oficiais\u00a0da\u00a0Academia\u00a0de\u00a0Pol\u00edcia\u00a0Militar\u00a0do\u00a0Barro\u00a0Branco,\u00a0SP.<\/p>\n\n\n\n<h2 class=\"wp-block-heading\">Experi\u00eancia\u00a0profissional<\/h2>\n\n\n\n<p>Na\u00a0Pol\u00edcia\u00a0Militar\u00a0do\u00a0Estado\u00a0de\u00a0SP:<\/p>\n\n\n\n<p>Coronel\u00a0promovido\u00a0ao\u00a0\u00faltimo\u00a0posto\u00a0da\u00a0carreira\u00a0por\u00a0merecimento<\/p>\n\n\n\n<p>Tenente\u00a0Coronel\u00a0Comandante\u00a0do\u00a013\u00ba\u00a0Batalh\u00e3o\u00a0de\u00a0Policia\u00a0Militar\u00a0do\u00a0Interior,\u00a0Regi\u00e3o\u00a0de Araraquara\u00a0e\u00a0mais\u00a018\u00a0munic\u00edpios<\/p>\n\n\n\n<p>Major\u00a0Subcomandante\u00a0do\u00a038o\u00a0e\u00a023o\u00a0Batalh\u00e3o\u00a0de\u00a0Pol\u00edcia\u00a0Militar\u00a0Metropolitano. Respons\u00e1vel\u00a0pela\u00a0administra\u00e7\u00e3o\u00a0de:\u00a0Recursos\u00a0humanos\u00a0\/\u00a0Operacionais\u00a0\/\u00a0Log\u00edsticos\u00a0\/\u00a0Gerenciamento\u00a0de\u00a0frota\u00a0\/\u00a0Recursos\u00a0financeiros\u00a0e\u00a0jur\u00eddicos\u00a0da\u00a0Unidade<\/p>\n\n\n\n<p>Capit\u00e3o\u00a0Chefe\u00a0do\u00a0Centro\u00a0de\u00a0Opera\u00e7\u00f5es\u00a0Policiais\u00a0Militares\u00a0(COPOM)\u00a0da\u00a0regi\u00e3o\u00a0de Ribeir\u00e3o\u00a0Preto\u00a0\/\u00a0Comandante\u00a0do\u00a0Policiamento\u00a0da\u00a0regi\u00e3o\u00a0sul\u00a0da\u00a0cidade\u00a0de\u00a0Ribeir\u00e3o\u00a0Preto\u00a0\/\u00a0Comandante\u00a0do\u00a0policiamento\u00a0das\u00a0cidades\u00a0de\u00a0Ribeir\u00e3o\u00a0Bonito,\u00a0Dourado\u00a0e\u00a0Ibat\u00e9\u00a0\/\u00a0Comandante\u00a0do\u00a0policiamento\u00a0da\u00a0cidade\u00a0de\u00a0S\u00e3o\u00a0Carlos\u00a0\u2013\u00a0SP\u00a0\/\u00a0Professor\u00a0de\u00a0Gerenciamento\u00a0de\u00a0Crises<\/p>\n\n\n\n<p>Tenente\u00a0Chefe\u00a0da\u00a0Se\u00e7\u00e3o\u00a0de\u00a0Rela\u00e7\u00f5es\u00a0P\u00fablicas\u00a0do\u00a0Comando\u00a0de\u00a0Policiamento\u00a0de\u00a0\u00c1rea Metropolitano\u00a0do\u00a0ABC\u00a0\/\u00a0Oficial\u00a0Chefe\u00a0de\u00a0Opera\u00e7\u00f5es\u00a0do\u00a0Centro\u00a0de\u00a0Opera\u00e7\u00f5es\u00a0Policiais\u00a0Militares\u00a0do\u00a0COPOM\/ABC\u00a0\/\u00a0Comandante\u00a0de\u00a0R\u00e1dio\u00a0Patrulhamento\u00a0e\u00a0Patrulhamento\u00a0T\u00e1tico\u00a0M\u00f3vel,\u00a0nos\u00a0munic\u00edpios\u00a0de\u00a0S\u00e3o\u00a0Bernardo\u00a0do\u00a0Campo,\u00a0Diadema\u00a0e\u00a0S\u00e3o\u00a0Caetano\u00a0do\u00a0Sul\u00a0\/\u00a0Professor\u00a0de\u00a0Sistemas\u00a0de\u00a0Policiamento\u00a0Inteligentes\u00a0\u2013\u00a0TI\u00a0aplicada\u00a0\u00e0\u00a0Seguran\u00e7a\u00a0P\u00fablica\u00a0\/\u00a0Professor\u00a0das\u00a0mat\u00e9rias\u00a0de\u00a0Direito\u00a0Penal\u00a0e\u00a0Direito\u00a0Penal\u00a0Militar\u00a0na\u00a0escola\u00a0Superior\u00a0de\u00a0Sargentos\u00a0da\u00a0PMESP,\u00a0SP\u00a0\/\u00a0Professor\u00a0de\u00a0t\u00e9cnicas\u00a0de\u00a0tiro\u00a0policial.<\/p>\n\n\n\n<h2 class=\"wp-block-heading\">Responsabilidade\u00a0Social<\/h2>\n\n\n\n<p>Realiza\u00e7\u00e3o,\u00a0durante\u00a0o\u00a0per\u00edodo\u00a0de\u00a0Jan\/1989\u00a0a\u00a0Out\/1999,\u00a0de\u00a0trabalho\u00a0volunt\u00e1rio\u00a0na\u00a0preven\u00e7\u00e3o\u00a0e\u00a0reabilita\u00e7\u00e3o\u00a0de\u00a0drogadi\u00e7\u00e3o\u00a0junto\u00a0\u00e0s\u00a0ONGs\u00a0Grupo\u00a0GABATA\u00a0e\u00a0Mil\u00edcia\u00a0da\u00a0Imaculada\u00a0Concei\u00e7\u00e3o,\u00a0nas\u00a0cidades\u00a0de\u00a0S\u00e3o\u00a0Bernardo\u00a0do\u00a0Campo\u00a0e\u00a0Santo\u00a0Andr\u00e9\u00a0\u2013\u00a0SP.<\/p>\n\n\n\n<p>Palestrante\u00a0volunt\u00e1rio\u00a0para\u00a0a\u00a0preven\u00e7\u00e3o\u00a0e\u00a0controle\u00a0de\u00a0drogadi\u00e7\u00e3o\u00a0h\u00e1\u00a0mais\u00a0de\u00a020\u00a0anos,\u00a0em\u00a0redes\u00a0de\u00a0ensino,\u00a0empresas,\u00a0institui\u00e7\u00f5es\u00a0e\u00a0associa\u00e7\u00f5es\u00a0diversas.<\/p>\n\n\n\n<figure class=\"wp-block-image aligncenter size-full\"><img loading=\"lazy\" decoding=\"async\" width=\"377\" height=\"366\" src=\"https:\/\/wilhelmsecurity.com.br\/site\/wp-content\/uploads\/2024\/03\/Captura-de-tela_21-3-2024_114831_products.aspose.app_.jpeg\" alt=\"\" class=\"wp-image-46\" srcset=\"https:\/\/wilhelmsecurity.com.br\/site\/wp-content\/uploads\/2024\/03\/Captura-de-tela_21-3-2024_114831_products.aspose.app_.jpeg 377w, https:\/\/wilhelmsecurity.com.br\/site\/wp-content\/uploads\/2024\/03\/Captura-de-tela_21-3-2024_114831_products.aspose.app_-300x291.jpeg 300w\" sizes=\"auto, (max-width: 377px) 100vw, 377px\" \/><\/figure>\n","protected":false},"excerpt":{"rendered":"<p>Paulo\u00a0Wilhelm\u00a0de\u00a0Carvalho Forma\u00e7\u00e3o\u00a0Acad\u00eamica MESTRE\u00a0EM\u00a0CI\u00caNCIAS\u00a0POLICIAIS\u00a0DE\u00a0SEGURAN\u00c7A\u00a0E\u00a0ORDEM\u00a0P\u00daBLICA Centro\u00a0de\u00a0Altos\u00a0Estudos\u00a0de\u00a0Seguran\u00e7a\u00a0da\u00a0Pol\u00edcia\u00a0Militar\u00a0do\u00a0Estado\u00a0de\u00a0S\u00e3o\u00a0Paulo. BACHAREL\u00a0EM\u00a0CI\u00caNCIAS\u00a0JUR\u00cdDICAS Faculdade\u00a0de\u00a0Direito\u00a0de\u00a0S\u00e3o\u00a0Bernardo\u00a0do\u00a0Campo\u00a0\u2013\u00a0SP. BACHAREL\u00a0EM\u00a0CI\u00caNCIA\u00a0POLICIAS\u00a0DE\u00a0SEGURAN\u00c7A\u00a0E\u00a0DE\u00a0ORDEM\u00a0P\u00daBLICA Academia\u00a0de\u00a0Pol\u00edcia\u00a0Militar\u00a0do\u00a0Barro\u00a0Branco\u00a0do\u00a0Estado\u00a0de\u00a0S\u00e3o\u00a0Paulo. P\u00f3s-gradua\u00e7\u00f5es Especializa\u00e7\u00e3o\u00a0em\u00a0Gerenciamento\u00a0de\u00a0Crises\u00a0e\u00a0Ocorr\u00eancias\u00a0com\u00a0Ref\u00e9ns,\u00a0GATE\u00a0do\u00a04\u00b0\u00a0Batalh\u00e3o\u00a0de\u00a0Choque\u00a0da\u00a0PMESP. Opera\u00e7\u00f5es\u00a0Especiais\u00a0e\u00a0Policiamento\u00a0de\u00a0Alto\u00a0Risco,\u00a0contra\u00a0e\u00a0anti-terrorismo,\u00a0na\u00a0Escola\u00a0de\u00a0Treinamento\u00a0da\u00a0HSS\u00a0International,\u00a0no\u00a0Centro\u00a0de\u00a0Treinamento\u00a0em\u00a0Navalcarnero,\u00a0Madrid,\u00a0Espanha. Especializa\u00e7\u00e3o\u00a0em\u00a0ocorr\u00eancias\u00a0antibombas,\u00a0contrabombas\u00a0e\u00a0explosivos\u00a0pelo\u00a0GATE\u00a0do\u00a04\u00b0\u00a0Batalh\u00e3o\u00a0de\u00a0Choque\u00a0da\u00a0PMESP. Especializa\u00e7\u00e3o\u00a0em\u00a0Policiamento\u00a0de\u00a0Eventos,\u00a0Shows\u00a0e\u00a0Pra\u00e7as\u00a0Desportivas,\u00a0no\u00a02\u00ba\u00a0Batalh\u00e3o\u00a0de\u00a0Choque\u00a0da\u00a0Pol\u00edcia\u00a0Militar\u00a0de\u00a0S\u00e3o\u00a0Paulo. Curso\u00a0de\u00a0T\u00e9cnicas\u00a0de\u00a0Ensino,\u00a0pela\u00a0Academia\u00a0de\u00a0Pol\u00edcia\u00a0Militar\u00a0do\u00a0Barro\u00a0Branco,\u00a0S\u00e3o\u00a0Paulo. Gest\u00e3o\u00a0e\u00a0implanta\u00e7\u00e3o\u00a0de\u00a0qualidade\u00a0total,\u00a0Pol\u00edcia\u00a0Militar,\u00a0S\u00e3o\u00a0Paulo. Especializa\u00e7\u00e3o\u00a0em\u00a0T\u00e9cnicas\u00a0de\u00a0Seguran\u00e7a\u00a0de\u00a0Autoridades\u00a0e\u00a0Dignit\u00e1rios,\u00a0pelo\u00a0Curso\u00a0de\u00a0Forma\u00e7\u00e3o\u00a0de\u00a0Oficiais\u00a0da\u00a0Academia\u00a0de\u00a0Pol\u00edcia\u00a0Militar\u00a0do\u00a0Barro\u00a0Branco,\u00a0SP. Experi\u00eancia\u00a0profissional Na\u00a0Pol\u00edcia\u00a0Militar\u00a0do\u00a0Estado\u00a0de\u00a0SP: Coronel\u00a0promovido\u00a0ao\u00a0\u00faltimo\u00a0posto\u00a0da\u00a0carreira\u00a0por\u00a0merecimento Tenente\u00a0Coronel\u00a0Comandante\u00a0do\u00a013\u00ba\u00a0Batalh\u00e3o\u00a0de\u00a0Policia\u00a0Militar\u00a0do\u00a0Interior,\u00a0Regi\u00e3o\u00a0de<span class=\"more-dots\">&#8230;<\/span><\/p>\n","protected":false},"author":1,"featured_media":0,"parent":0,"menu_order":0,"comment_status":"closed","ping_status":"closed","template":"","meta":{"footnotes":""},"class_list":["post-45","page","type-page","status-publish","hentry","no-post-thumbnail"],"_links":{"self":[{"href":"https:\/\/wilhelmsecurity.com.br\/site\/wp-json\/wp\/v2\/pages\/45","targetHints":{"allow":["GET"]}}],"collection":[{"href":"https:\/\/wilhelmsecurity.com.br\/site\/wp-json\/wp\/v2\/pages"}],"about":[{"href":"https:\/\/wilhelmsecurity.com.br\/site\/wp-json\/wp\/v2\/types\/page"}],"author":[{"embeddable":true,"href":"https:\/\/wilhelmsecurity.com.br\/site\/wp-json\/wp\/v2\/users\/1"}],"replies":[{"embeddable":true,"href":"https:\/\/wilhelmsecurity.com.br\/site\/wp-json\/wp\/v2\/comments?post=45"}],"version-history":[{"count":1,"href":"https:\/\/wilhelmsecurity.com.br\/site\/wp-json\/wp\/v2\/pages\/45\/revisions"}],"predecessor-version":[{"id":47,"href":"https:\/\/wilhelmsecurity.com.br\/site\/wp-json\/wp\/v2\/pages\/45\/revisions\/47"}],"wp:attachment":[{"href":"https:\/\/wilhelmsecurity.com.br\/site\/wp-json\/wp\/v2\/media?parent=45"}],"curies":[{"name":"wp","href":"https:\/\/api.w.org\/{rel}","templated":true}]}}